{"id":3391,"date":"2023-10-06T19:56:10","date_gmt":"2023-10-06T19:56:10","guid":{"rendered":"https:\/\/europe.hazelglow.com\/product\/designer-print-string-bikini-eden-hazelglow-hg001\/"},"modified":"2023-10-07T16:09:10","modified_gmt":"2023-10-07T16:09:10","slug":"designer-print-string-bikini-eden-hazelglow-hg001","status":"publish","type":"product","link":"https:\/\/europe.hazelglow.com\/fr\/produit\/designer-print-string-bikini-eden-hazelglow-hg001\/","title":{"rendered":"Designer Print String Bikini Eden Hazelglow HG001"},"content":{"rendered":"<p>Designer Print String Bikini Hazelglow HG001. S\u00e9jour confortable et \u00e9l\u00e9gant, tout l&#039;\u00e9t\u00e9, avec cette Impression d&#039;Ensemble Recycl\u00e9 String Bikini set. Il est fabriqu\u00e9 \u00e0 partir de doux de polyester recycl\u00e9, avec double-la superposition et l&#039;UPF 50+. Style les sangles comment aimez-vous, et pr\u00e9parez-vous \u00e0 nager!<\/p>\n<p>\u2022 Mat\u00e9riau doux et extensible avec UPF 50+<br \/>\n\u2022 Les tailles jusqu&#039;\u00e0 6XL<br \/>\n\u2022 Haut de Bikini est livr\u00e9 avec rembourrage amovible pour plus de confort<br \/>\n\u2022 De multiples fa\u00e7ons \u00e0 la cravate et le style, la bikini set<br \/>\n\u2022 La couleur des options de conception pour les maillots de bain doublure<\/p>\n<p>Avertissements:<br \/>\n\u2022 En raison de la 2-couches de construction et \u00e0 l&#039;int\u00e9rieur des coutures, visibles de la couture peuvent appara\u00eetre dans la couture de l&#039;entrejambe de la culotte de bikini. Ce est une partie normale du processus de fabrication et n&#039;a pas d&#039;impact sur la qualit\u00e9 ou la performance du produit.<br \/>\n\u2022 Pour rendre votre All-Over Print Recycl\u00e9 Bikini String durer plus longtemps, bien les rincer apr\u00e8s chaque utilisation et de se d\u00e9barrasser de tout chlore\/les r\u00e9sidus de sel.<br \/>\n* La fabrication aux \u00c9tats-unis et la Lettonie.<\/p>\n<p>Ce produit est sp\u00e9cialement con\u00e7u pour vous d\u00e8s que vous passez une commande, c&#039;est pourquoi il nous prend un peu plus de temps pour vous livrer. L&#039;\u00e9laboration de produits \u00e0 la demande plut\u00f4t qu&#039;en vrac contribue \u00e0 r\u00e9duire la surproduction, je vous remercie donc de faire r\u00e9fl\u00e9chie des d\u00e9cisions d&#039;achat!<\/p>","protected":false},"excerpt":{"rendered":"<p>Designer Print String Bikini Hazelglow HG001. Stay comfortable and stylish all summer with this All-Over Print Recycled String Bikini set. It\u2019s made from soft recycled polyester with double-layering and UPF 50+. Style the straps how you like, and get ready to swim! \u2022 Soft and stretchy material with UPF 50+ \u2022 Sizes up to 6XL [&hellip;]<\/p>","protected":false},"featured_media":3405,"comment_status":"open","ping_status":"closed","template":"","meta":[],"product_brand":[],"product_cat":[52,51,47],"product_tag":[],"class_list":{"0":"post-3391","1":"product","2":"type-product","3":"status-publish","4":"has-post-thumbnail","6":"product_cat-bikini","7":"product_cat-swim-wear","8":"product_cat-womens","10":"first","11":"instock","12":"taxable","13":"shipping-taxable","14":"purchasable","15":"product-type-variable"},"_links":{"self":[{"href":"https:\/\/europe.hazelglow.com\/fr\/wp-json\/wp\/v2\/product\/3391"}],"collection":[{"href":"https:\/\/europe.hazelglow.com\/fr\/wp-json\/wp\/v2\/product"}],"about":[{"href":"https:\/\/europe.hazelglow.com\/fr\/wp-json\/wp\/v2\/types\/product"}],"replies":[{"embeddable":true,"href":"https:\/\/europe.hazelglow.com\/fr\/wp-json\/wp\/v2\/comments?post=3391"}],"wp:featuredmedia":[{"embeddable":true,"href":"https:\/\/europe.hazelglow.com\/fr\/wp-json\/wp\/v2\/media\/3405"}],"wp:attachment":[{"href":"https:\/\/europe.hazelglow.com\/fr\/wp-json\/wp\/v2\/media?parent=3391"}],"wp:term":[{"taxonomy":"product_brand","embeddable":true,"href":"https:\/\/europe.hazelglow.com\/fr\/wp-json\/wp\/v2\/product_brand?post=3391"},{"taxonomy":"product_cat","embeddable":true,"href":"https:\/\/europe.hazelglow.com\/fr\/wp-json\/wp\/v2\/product_cat?post=3391"},{"taxonomy":"product_tag","embeddable":true,"href":"https:\/\/europe.hazelglow.com\/fr\/wp-json\/wp\/v2\/product_tag?post=3391"}],"curies":[{"name":"wp","href":"https:\/\/api.w.org\/{rel}","templated":true}]}}