{"id":3414,"date":"2023-10-06T21:05:43","date_gmt":"2023-10-06T21:05:43","guid":{"rendered":"https:\/\/europe.hazelglow.com\/product\/hazelglow-art-studios-thin-canvas-hga0002\/"},"modified":"2023-10-07T16:05:28","modified_gmt":"2023-10-07T16:05:28","slug":"hazelglow-art-studios-thin-canvas-hga0002","status":"publish","type":"product","link":"https:\/\/europe.hazelglow.com\/fr\/produit\/hazelglow-art-studios-thin-canvas-hga0002\/","title":{"rendered":"Hazelglow Studio d&#039;Art de Toile Fine HGA0002"},"content":{"rendered":"<p>Style rooms with this slimmer-than-ever thin canvas! Order it and hang it straight away with built-in wall mounts and rubber pads on the back ready to protect against damage.<br \/>\n\u2022 0.75\u2033 (19.05 mm) thick canvas<br \/>\n\u2022 Canvas fabric weight: 10.15 +\/- 0.74 oz\/yd\u00b2 (344 g\/m\u00b2 +\/- 25g\/m\u00b2)<br \/>\n\u2022 Wall mounts attached<br \/>\n\u2022 Rubber pads on the back to avoid damage<br \/>\n\u2022 Slimmer than regular canvases<\/p>\n<p>Important: This product is available in the US, Canada, Europe, and the UK only. If your shipping address is outside these regions, please choose a different product.<\/p>\n<p>Ce produit est sp\u00e9cialement con\u00e7u pour vous d\u00e8s que vous passez une commande, c&#039;est pourquoi il nous prend un peu plus de temps pour vous livrer. L&#039;\u00e9laboration de produits \u00e0 la demande plut\u00f4t qu&#039;en vrac contribue \u00e0 r\u00e9duire la surproduction, je vous remercie donc de faire r\u00e9fl\u00e9chie des d\u00e9cisions d&#039;achat!<\/p>","protected":false},"excerpt":{"rendered":"<p>Style rooms with this slimmer-than-ever thin canvas! Order it and hang it straight away with built-in wall mounts and rubber pads on the back ready to protect against damage. \u2022 0.75\u2033 (19.05 mm) thick canvas \u2022 Canvas fabric weight: 10.15 +\/- 0.74 oz\/yd\u00b2 (344 g\/m\u00b2 +\/- 25g\/m\u00b2) \u2022 Wall mounts attached \u2022 Rubber pads on [&hellip;]<\/p>","protected":false},"featured_media":3418,"comment_status":"open","ping_status":"closed","template":"","meta":[],"product_brand":[],"product_cat":[56,23],"product_tag":[],"class_list":{"0":"post-3414","1":"product","2":"type-product","3":"status-publish","4":"has-post-thumbnail","6":"product_cat-canvas","7":"product_cat-decor","9":"first","10":"instock","11":"taxable","12":"shipping-taxable","13":"purchasable","14":"product-type-variable"},"_links":{"self":[{"href":"https:\/\/europe.hazelglow.com\/fr\/wp-json\/wp\/v2\/product\/3414"}],"collection":[{"href":"https:\/\/europe.hazelglow.com\/fr\/wp-json\/wp\/v2\/product"}],"about":[{"href":"https:\/\/europe.hazelglow.com\/fr\/wp-json\/wp\/v2\/types\/product"}],"replies":[{"embeddable":true,"href":"https:\/\/europe.hazelglow.com\/fr\/wp-json\/wp\/v2\/comments?post=3414"}],"wp:featuredmedia":[{"embeddable":true,"href":"https:\/\/europe.hazelglow.com\/fr\/wp-json\/wp\/v2\/media\/3418"}],"wp:attachment":[{"href":"https:\/\/europe.hazelglow.com\/fr\/wp-json\/wp\/v2\/media?parent=3414"}],"wp:term":[{"taxonomy":"product_brand","embeddable":true,"href":"https:\/\/europe.hazelglow.com\/fr\/wp-json\/wp\/v2\/product_brand?post=3414"},{"taxonomy":"product_cat","embeddable":true,"href":"https:\/\/europe.hazelglow.com\/fr\/wp-json\/wp\/v2\/product_cat?post=3414"},{"taxonomy":"product_tag","embeddable":true,"href":"https:\/\/europe.hazelglow.com\/fr\/wp-json\/wp\/v2\/product_tag?post=3414"}],"curies":[{"name":"wp","href":"https:\/\/api.w.org\/{rel}","templated":true}]}}