{"id":3421,"date":"2023-10-06T21:32:12","date_gmt":"2023-10-06T21:32:12","guid":{"rendered":"https:\/\/europe.hazelglow.com\/product\/skater-designer-print-dress-hazelglow-d-001\/"},"modified":"2023-10-07T16:08:19","modified_gmt":"2023-10-07T16:08:19","slug":"skater-designer-print-dress-hazelglow-d-001","status":"publish","type":"product","link":"https:\/\/europe.hazelglow.com\/fr\/produit\/skater-designer-print-dress-hazelglow-d-001\/","title":{"rendered":"La Patineuse De Concepteur De Robe Imprim\u00e9e Hazelglow D 001"},"content":{"rendered":"<p>Dress to impress with this sleeveless skater dress! The soft fabric and flared skirt give it an elegant twist that brings out the intricate design with a beautiful vibrancy.<\/p>\n<p>\u2022 82% polyester, 18% spandex<br \/>\n\u2022 Fabric weight: 6.78 oz\/yd\u00b2 (230 g\/m\u00b2), weight may vary by 5%<br \/>\n\u2022 Smooth and elastic fabric<br \/>\n\u2022 Mid-thigh length flared skirt<br \/>\n\u2022 Elastic waistline<br \/>\n\u2022 Overlock seams, coverstitch hemline<br \/>\n\u2022 Blank product components sourced from China<\/p>\n<p>Ce produit est sp\u00e9cialement con\u00e7u pour vous d\u00e8s que vous passez une commande, c&#039;est pourquoi il nous prend un peu plus de temps pour vous livrer. L&#039;\u00e9laboration de produits \u00e0 la demande plut\u00f4t qu&#039;en vrac contribue \u00e0 r\u00e9duire la surproduction, je vous remercie donc de faire r\u00e9fl\u00e9chie des d\u00e9cisions d&#039;achat!<\/p>\n<p>\u2022 Traceability:<br \/>\n&#8211; Knitting\u2014China<br \/>\n&#8211; Dyeing\u2014China<br \/>\n&#8211; Manufacturing\u2014Latvia<br \/>\n\u2022 Contains 0% recycled polyester<br \/>\n\u2022 Contains 0% dangerous substances<br \/>\n\u2022 This item releases plastic microfibers into the environment during washing<\/p>","protected":false},"excerpt":{"rendered":"<p>Dress to impress with this sleeveless skater dress! The soft fabric and flared skirt give it an elegant twist that brings out the intricate design with a beautiful vibrancy. \u2022 82% polyester, 18% spandex \u2022 Fabric weight: 6.78 oz\/yd\u00b2 (230 g\/m\u00b2), weight may vary by 5% \u2022 Smooth and elastic fabric \u2022 Mid-thigh length flared [&hellip;]<\/p>","protected":false},"featured_media":3431,"comment_status":"open","ping_status":"closed","template":"","meta":[],"product_brand":[],"product_cat":[50,47],"product_tag":[],"class_list":{"0":"post-3421","1":"product","2":"type-product","3":"status-publish","4":"has-post-thumbnail","6":"product_cat-dress","7":"product_cat-womens","9":"first","10":"instock","11":"taxable","12":"shipping-taxable","13":"purchasable","14":"product-type-variable"},"_links":{"self":[{"href":"https:\/\/europe.hazelglow.com\/fr\/wp-json\/wp\/v2\/product\/3421"}],"collection":[{"href":"https:\/\/europe.hazelglow.com\/fr\/wp-json\/wp\/v2\/product"}],"about":[{"href":"https:\/\/europe.hazelglow.com\/fr\/wp-json\/wp\/v2\/types\/product"}],"replies":[{"embeddable":true,"href":"https:\/\/europe.hazelglow.com\/fr\/wp-json\/wp\/v2\/comments?post=3421"}],"wp:featuredmedia":[{"embeddable":true,"href":"https:\/\/europe.hazelglow.com\/fr\/wp-json\/wp\/v2\/media\/3431"}],"wp:attachment":[{"href":"https:\/\/europe.hazelglow.com\/fr\/wp-json\/wp\/v2\/media?parent=3421"}],"wp:term":[{"taxonomy":"product_brand","embeddable":true,"href":"https:\/\/europe.hazelglow.com\/fr\/wp-json\/wp\/v2\/product_brand?post=3421"},{"taxonomy":"product_cat","embeddable":true,"href":"https:\/\/europe.hazelglow.com\/fr\/wp-json\/wp\/v2\/product_cat?post=3421"},{"taxonomy":"product_tag","embeddable":true,"href":"https:\/\/europe.hazelglow.com\/fr\/wp-json\/wp\/v2\/product_tag?post=3421"}],"curies":[{"name":"wp","href":"https:\/\/api.w.org\/{rel}","templated":true}]}}